{"id":883,"date":"2024-02-20T14:39:27","date_gmt":"2024-02-20T13:39:27","guid":{"rendered":"https:\/\/vipvip24.de\/?page_id=883"},"modified":"2024-02-21T00:02:24","modified_gmt":"2024-02-20T23:02:24","slug":"m_liste","status":"publish","type":"page","link":"https:\/\/vipvip24.de\/ru\/m_list\/","title":{"rendered":"m_list"},"content":{"rendered":"\t\t<div data-elementor-type=\"wp-page\" data-elementor-id=\"883\" class=\"elementor elementor-883\" data-elementor-post-type=\"page\">\n\t\t\t\t<div data-particle_enable=\"false\" data-particle-mobile-disabled=\"false\" class=\"elementor-element elementor-element-5edc5ac e-flex e-con-boxed e-con e-parent\" data-id=\"5edc5ac\" data-element_type=\"container\" data-e-type=\"container\">\n\t\t\t\t\t<div class=\"e-con-inner\">\n\t\t\t\t<div class=\"elementor-element elementor-element-4e914ae eael_liquid_glass-effect1 eael_liquid_glass_shadow-effect1 elementor-widget elementor-widget-jet-listing-grid\" data-id=\"4e914ae\" data-element_type=\"widget\" data-e-type=\"widget\" data-settings=\"{&quot;columns&quot;:&quot;2&quot;,&quot;columns_mobile&quot;:&quot;1&quot;}\" data-widget_type=\"jet-listing-grid.default\">\n\t\t\t\t<div class=\"elementor-widget-container\">\n\t\t\t\t\t<div class=\"jet-listing-grid jet-listing\"><div class=\"jet-listing-grid__items grid-col-desk-2 grid-col-tablet-2 grid-col-mobile-1 jet-listing-grid--879 jet-equal-columns__wrapper\" data-queried-id=\"883|WP_Post\" data-nav=\"{&quot;enabled&quot;:false,&quot;type&quot;:null,&quot;more_el&quot;:null,&quot;query&quot;:[],&quot;widget_settings&quot;:{&quot;lisitng_id&quot;:879,&quot;posts_num&quot;:20,&quot;columns&quot;:2,&quot;columns_tablet&quot;:2,&quot;columns_mobile&quot;:1,&quot;is_archive_template&quot;:&quot;&quot;,&quot;post_status&quot;:[&quot;publish&quot;],&quot;use_random_posts_num&quot;:&quot;&quot;,&quot;max_posts_num&quot;:9,&quot;not_found_message&quot;:&quot;Es wurden keine Daten gefunden&quot;,&quot;is_masonry&quot;:false,&quot;equal_columns_height&quot;:&quot;yes&quot;,&quot;use_load_more&quot;:&quot;&quot;,&quot;load_more_id&quot;:&quot;&quot;,&quot;load_more_type&quot;:&quot;click&quot;,&quot;load_more_offset&quot;:{&quot;unit&quot;:&quot;px&quot;,&quot;size&quot;:0,&quot;sizes&quot;:[]},&quot;use_custom_post_types&quot;:&quot;&quot;,&quot;custom_post_types&quot;:[],&quot;hide_widget_if&quot;:&quot;&quot;,&quot;carousel_enabled&quot;:&quot;&quot;,&quot;slides_to_scroll&quot;:&quot;1&quot;,&quot;arrows&quot;:&quot;true&quot;,&quot;arrow_icon&quot;:&quot;fa fa-angle-left&quot;,&quot;dots&quot;:&quot;&quot;,&quot;autoplay&quot;:&quot;true&quot;,&quot;pause_on_hover&quot;:&quot;true&quot;,&quot;autoplay_speed&quot;:5000,&quot;infinite&quot;:&quot;true&quot;,&quot;center_mode&quot;:&quot;&quot;,&quot;effect&quot;:&quot;slide&quot;,&quot;speed&quot;:500,&quot;inject_alternative_items&quot;:&quot;&quot;,&quot;injection_items&quot;:[],&quot;scroll_slider_enabled&quot;:&quot;&quot;,&quot;scroll_slider_on&quot;:[&quot;desktop&quot;,&quot;tablet&quot;,&quot;mobile&quot;],&quot;custom_query&quot;:false,&quot;custom_query_id&quot;:&quot;&quot;,&quot;_element_id&quot;:&quot;&quot;}}\" data-page=\"1\" data-pages=\"1\" data-listing-source=\"rest_api_endpoint\" data-listing-id=\"879\" data-query-id=\"\"><div class=\"jet-listing-grid__item jet-listing-dynamic-post-2 jet-equal-columns\" data-post-id=\"2\" >\t\t<div data-elementor-type=\"jet-listing-items\" data-elementor-id=\"879\" class=\"elementor elementor-879\" data-elementor-post-type=\"jet-engine\">\n\t\t\t\t<div data-particle_enable=\"false\" data-particle-mobile-disabled=\"false\" class=\"elementor-element elementor-element-de90673 e-flex e-con-boxed e-con e-parent\" data-id=\"de90673\" data-element_type=\"container\" data-e-type=\"container\">\n\t\t\t\t\t<div class=\"e-con-inner\">\n\t\t\t\t<div class=\"elementor-element elementor-element-4491925 eael_liquid_glass-effect1 eael_liquid_glass_shadow-effect1 elementor-widget elementor-widget-jet-listing-dynamic-image\" data-id=\"4491925\" data-element_type=\"widget\" data-e-type=\"widget\" data-widget_type=\"jet-listing-dynamic-image.default\">\n\t\t\t\t<div class=\"elementor-widget-container\">\n\t\t\t\t\t<div class=\"jet-listing jet-listing-dynamic-image\"><img src=\"https:\/\/konto.vipvip24.de\/wp-content\/uploads\/sites\/10\/jet-engine-forms\/11\/2024\/02\/KI-Robot-1_800x448.jpg\" class=\"jet-listing-dynamic-image__img\" alt=\"\" decoding=\"async\"><\/div>\t\t\t\t<\/div>\n\t\t\t\t<\/div>\n\t\t\t\t<div class=\"elementor-element elementor-element-b828643 eael_liquid_glass-effect1 eael_liquid_glass_shadow-effect1 elementor-widget elementor-widget-jet-listing-dynamic-field\" data-id=\"b828643\" data-element_type=\"widget\" data-e-type=\"widget\" data-widget_type=\"jet-listing-dynamic-field.default\">\n\t\t\t\t<div class=\"elementor-widget-container\">\n\t\t\t\t\t<div class=\"jet-listing jet-listing-dynamic-field display-inline\"><div class=\"jet-listing-dynamic-field__inline-wrap\"><div class=\"jet-listing-dynamic-field__content\">Suarez Beauty<\/div><\/div><\/div>\t\t\t\t<\/div>\n\t\t\t\t<\/div>\n\t\t\t\t<div class=\"elementor-element elementor-element-92fc078 eael_liquid_glass-effect1 eael_liquid_glass_shadow-effect1 elementor-widget elementor-widget-jet-listing-dynamic-field\" data-id=\"92fc078\" data-element_type=\"widget\" data-e-type=\"widget\" data-widget_type=\"jet-listing-dynamic-field.default\">\n\t\t\t\t<div class=\"elementor-widget-container\">\n\t\t\t\t\t<div class=\"jet-listing jet-listing-dynamic-field display-inline\"><div class=\"jet-listing-dynamic-field__inline-wrap\"><div class=\"jet-listing-dynamic-field__content\">Alles f\u00fcr die Sch\u00f6nheit<\/div><\/div><\/div>\t\t\t\t<\/div>\n\t\t\t\t<\/div>\n\t\t\t\t<div class=\"elementor-element elementor-element-ab728cd eael_liquid_glass-effect1 eael_liquid_glass_shadow-effect1 elementor-widget elementor-widget-jet-listing-dynamic-field\" data-id=\"ab728cd\" data-element_type=\"widget\" data-e-type=\"widget\" data-widget_type=\"jet-listing-dynamic-field.default\">\n\t\t\t\t<div class=\"elementor-widget-container\">\n\t\t\t\t\t<div class=\"jet-listing jet-listing-dynamic-field display-inline\"><div class=\"jet-listing-dynamic-field__inline-wrap\"><div class=\"jet-listing-dynamic-field__content\">Make-Up, Pedik\u00fcre, Manik\u00fcre<\/div><\/div><\/div>\t\t\t\t<\/div>\n\t\t\t\t<\/div>\n\t\t\t\t<div class=\"elementor-element elementor-element-003d036 eael_liquid_glass-effect1 eael_liquid_glass_shadow-effect1 elementor-widget elementor-widget-jet-listing-dynamic-field\" data-id=\"003d036\" data-element_type=\"widget\" data-e-type=\"widget\" data-widget_type=\"jet-listing-dynamic-field.default\">\n\t\t\t\t<div class=\"elementor-widget-container\">\n\t\t\t\t\t<div class=\"jet-listing jet-listing-dynamic-field display-inline\"><div class=\"jet-listing-dynamic-field__inline-wrap\"><div class=\"jet-listing-dynamic-field__content\">_ID: 2<\/div><\/div><\/div>\t\t\t\t<\/div>\n\t\t\t\t<\/div>\n\t\t\t\t<div class=\"elementor-element elementor-element-fd0cafb eael_liquid_glass-effect1 eael_liquid_glass_shadow-effect1 elementor-widget elementor-widget-jet-listing-dynamic-link\" data-id=\"fd0cafb\" data-element_type=\"widget\" data-e-type=\"widget\" data-widget_type=\"jet-listing-dynamic-link.default\">\n\t\t\t\t<div class=\"elementor-widget-container\">\n\t\t\t\t\t<div class=\"jet-listing jet-listing-dynamic-link\"><a href=\"https:\/\/vipvip24.de\/m_Startseite\/?item_id=2\" class=\"jet-listing-dynamic-link__link\"><span class=\"jet-listing-dynamic-link__label\">\u00d6ffnen...<\/span><\/a><\/div>\t\t\t\t<\/div>\n\t\t\t\t<\/div>\n\t\t\t\t\t<\/div>\n\t\t\t\t<\/div>\n\t\t\t\t<\/div>\n\t\t<\/div><div class=\"jet-listing-grid__item jet-listing-dynamic-post-1 jet-equal-columns\" data-post-id=\"1\" >\t\t<div data-elementor-type=\"jet-listing-items\" data-elementor-id=\"879\" class=\"elementor elementor-879\" data-elementor-post-type=\"jet-engine\">\n\t\t\t\t<div data-particle_enable=\"false\" data-particle-mobile-disabled=\"false\" class=\"elementor-element elementor-element-de90673 e-flex e-con-boxed e-con e-parent\" data-id=\"de90673\" data-element_type=\"container\" data-e-type=\"container\">\n\t\t\t\t\t<div class=\"e-con-inner\">\n\t\t\t\t<div class=\"elementor-element elementor-element-4491925 eael_liquid_glass-effect1 eael_liquid_glass_shadow-effect1 elementor-widget elementor-widget-jet-listing-dynamic-image\" data-id=\"4491925\" data-element_type=\"widget\" data-e-type=\"widget\" data-widget_type=\"jet-listing-dynamic-image.default\">\n\t\t\t\t<div class=\"elementor-widget-container\">\n\t\t\t\t\t<div class=\"jet-listing jet-listing-dynamic-image\"><img src=\"https:\/\/konto.vipvip24.de\/wp-content\/uploads\/sites\/10\/2024\/02\/Bild-Stefan-4_300x300.png\" class=\"jet-listing-dynamic-image__img\" alt=\"\" decoding=\"async\"><\/div>\t\t\t\t<\/div>\n\t\t\t\t<\/div>\n\t\t\t\t<div class=\"elementor-element elementor-element-b828643 eael_liquid_glass-effect1 eael_liquid_glass_shadow-effect1 elementor-widget elementor-widget-jet-listing-dynamic-field\" data-id=\"b828643\" data-element_type=\"widget\" data-e-type=\"widget\" data-widget_type=\"jet-listing-dynamic-field.default\">\n\t\t\t\t<div class=\"elementor-widget-container\">\n\t\t\t\t\t<div class=\"jet-listing jet-listing-dynamic-field display-inline\"><div class=\"jet-listing-dynamic-field__inline-wrap\"><div class=\"jet-listing-dynamic-field__content\">SRK-Consulting<\/div><\/div><\/div>\t\t\t\t<\/div>\n\t\t\t\t<\/div>\n\t\t\t\t<div class=\"elementor-element elementor-element-92fc078 eael_liquid_glass-effect1 eael_liquid_glass_shadow-effect1 elementor-widget elementor-widget-jet-listing-dynamic-field\" data-id=\"92fc078\" data-element_type=\"widget\" data-e-type=\"widget\" data-widget_type=\"jet-listing-dynamic-field.default\">\n\t\t\t\t<div class=\"elementor-widget-container\">\n\t\t\t\t\t<div class=\"jet-listing jet-listing-dynamic-field display-inline\"><div class=\"jet-listing-dynamic-field__inline-wrap\"><div class=\"jet-listing-dynamic-field__content\">Das ist meine Beschreibung der Leistungen<\/div><\/div><\/div>\t\t\t\t<\/div>\n\t\t\t\t<\/div>\n\t\t\t\t<div class=\"elementor-element elementor-element-ab728cd eael_liquid_glass-effect1 eael_liquid_glass_shadow-effect1 elementor-widget elementor-widget-jet-listing-dynamic-field\" data-id=\"ab728cd\" data-element_type=\"widget\" data-e-type=\"widget\" data-widget_type=\"jet-listing-dynamic-field.default\">\n\t\t\t\t<div class=\"elementor-widget-container\">\n\t\t\t\t\t<div class=\"jet-listing jet-listing-dynamic-field display-inline\"><div class=\"jet-listing-dynamic-field__inline-wrap\"><div class=\"jet-listing-dynamic-field__content\">consulting, beratung, KI<\/div><\/div><\/div>\t\t\t\t<\/div>\n\t\t\t\t<\/div>\n\t\t\t\t<div class=\"elementor-element elementor-element-003d036 eael_liquid_glass-effect1 eael_liquid_glass_shadow-effect1 elementor-widget elementor-widget-jet-listing-dynamic-field\" data-id=\"003d036\" data-element_type=\"widget\" data-e-type=\"widget\" data-widget_type=\"jet-listing-dynamic-field.default\">\n\t\t\t\t<div class=\"elementor-widget-container\">\n\t\t\t\t\t<div class=\"jet-listing jet-listing-dynamic-field display-inline\"><div class=\"jet-listing-dynamic-field__inline-wrap\"><div class=\"jet-listing-dynamic-field__content\">_ID: 1<\/div><\/div><\/div>\t\t\t\t<\/div>\n\t\t\t\t<\/div>\n\t\t\t\t<div class=\"elementor-element elementor-element-fd0cafb eael_liquid_glass-effect1 eael_liquid_glass_shadow-effect1 elementor-widget elementor-widget-jet-listing-dynamic-link\" data-id=\"fd0cafb\" data-element_type=\"widget\" data-e-type=\"widget\" data-widget_type=\"jet-listing-dynamic-link.default\">\n\t\t\t\t<div class=\"elementor-widget-container\">\n\t\t\t\t\t<div class=\"jet-listing jet-listing-dynamic-link\"><a href=\"https:\/\/vipvip24.de\/m_Startseite\/?item_id=1\" class=\"jet-listing-dynamic-link__link\"><span class=\"jet-listing-dynamic-link__label\">\u00d6ffnen...<\/span><\/a><\/div>\t\t\t\t<\/div>\n\t\t\t\t<\/div>\n\t\t\t\t\t<\/div>\n\t\t\t\t<\/div>\n\t\t\t\t<\/div>\n\t\t<\/div><\/div><\/div>\t\t\t\t<\/div>\n\t\t\t\t<\/div>\n\t\t\t\t\t<\/div>\n\t\t\t\t<\/div>\n\t\t\t\t<\/div>\n\t\t","protected":false},"excerpt":{"rendered":"<p>Suarez Beauty \u0412\u0441\u0435 \u0434\u043b\u044f \u043a\u0440\u0430\u0441\u043e\u0442\u044b \u043c\u0430\u043a\u0438\u044f\u0436, \u043f\u0435\u0434\u0438\u043a\u044e\u0440, \u043c\u0430\u043d\u0438\u043a\u044e\u0440 _ID: 2 Open... SRK-Consulting \u042d\u0442\u043e \u043c\u043e\u0435 \u043e\u043f\u0438\u0441\u0430\u043d\u0438\u0435 \u0443\u0441\u043b\u0443\u0433 \u043a\u043e\u043d\u0441\u0443\u043b\u044c\u0442\u0430\u0446\u0438\u0438, \u0441\u043e\u0432\u0435\u0442\u044b, AI _ID: 1 Open...<\/p>","protected":false},"author":1,"featured_media":0,"parent":0,"menu_order":0,"comment_status":"closed","ping_status":"closed","template":"elementor_canvas","meta":{"footnotes":""},"class_list":["post-883","page","type-page","status-publish","hentry"],"yoast_head":"<!-- This site is optimized with the Yoast SEO Premium plugin v20.1 (Yoast SEO v26.9) - https:\/\/yoast.com\/product\/yoast-seo-premium-wordpress\/ -->\n<title>m_Liste - VIPVIP24<\/title>\n<meta name=\"robots\" content=\"index, follow, max-snippet:-1, max-image-preview:large, max-video-preview:-1\" \/>\n<link rel=\"canonical\" href=\"https:\/\/vipvip24.de\/ru\/m_list\/\" \/>\n<meta property=\"og:locale\" content=\"ru_RU\" \/>\n<meta property=\"og:type\" content=\"article\" \/>\n<meta property=\"og:title\" content=\"m_Liste\" \/>\n<meta property=\"og:description\" content=\"Suarez Beauty Alles f\u00fcr die Sch\u00f6nheit Make-Up, Pedik\u00fcre, Manik\u00fcre _ID: 2 \u00d6ffnen&#8230; SRK-Consulting Das ist meine Beschreibung der Leistungen consulting, beratung, KI _ID: 1 \u00d6ffnen&#8230;\" \/>\n<meta property=\"og:url\" content=\"https:\/\/vipvip24.de\/ru\/m_list\/\" \/>\n<meta property=\"og:site_name\" content=\"VIPVIP24\" \/>\n<meta property=\"article:modified_time\" content=\"2024-02-20T23:02:24+00:00\" \/>\n<meta property=\"og:image\" content=\"https:\/\/konto.vipvip24.de\/wp-content\/uploads\/sites\/10\/jet-engine-forms\/11\/2024\/02\/KI-Robot-1_800x448.jpg\" \/>\n<meta name=\"twitter:card\" content=\"summary_large_image\" \/>\n<script type=\"application\/ld+json\" class=\"yoast-schema-graph\">{\"@context\":\"https:\/\/schema.org\",\"@graph\":[{\"@type\":\"WebPage\",\"@id\":\"https:\/\/vipvip24.de\/ru\/m_list\/\",\"url\":\"https:\/\/vipvip24.de\/ru\/m_list\/\",\"name\":\"m_Liste - VIPVIP24\",\"isPartOf\":{\"@id\":\"https:\/\/vipvip24.de\/#website\"},\"primaryImageOfPage\":{\"@id\":\"https:\/\/vipvip24.de\/ru\/m_list\/#primaryimage\"},\"image\":{\"@id\":\"https:\/\/vipvip24.de\/ru\/m_list\/#primaryimage\"},\"thumbnailUrl\":\"https:\/\/konto.vipvip24.de\/wp-content\/uploads\/sites\/10\/jet-engine-forms\/11\/2024\/02\/KI-Robot-1_800x448.jpg\",\"datePublished\":\"2024-02-20T13:39:27+00:00\",\"dateModified\":\"2024-02-20T23:02:24+00:00\",\"breadcrumb\":{\"@id\":\"https:\/\/vipvip24.de\/ru\/m_list\/#breadcrumb\"},\"inLanguage\":\"ru-RU\",\"potentialAction\":[{\"@type\":\"ReadAction\",\"target\":[\"https:\/\/vipvip24.de\/ru\/m_list\/\"]}]},{\"@type\":\"ImageObject\",\"inLanguage\":\"ru-RU\",\"@id\":\"https:\/\/vipvip24.de\/ru\/m_list\/#primaryimage\",\"url\":\"https:\/\/konto.vipvip24.de\/wp-content\/uploads\/sites\/10\/jet-engine-forms\/11\/2024\/02\/KI-Robot-1_800x448.jpg\",\"contentUrl\":\"https:\/\/konto.vipvip24.de\/wp-content\/uploads\/sites\/10\/jet-engine-forms\/11\/2024\/02\/KI-Robot-1_800x448.jpg\"},{\"@type\":\"BreadcrumbList\",\"@id\":\"https:\/\/vipvip24.de\/ru\/m_list\/#breadcrumb\",\"itemListElement\":[{\"@type\":\"ListItem\",\"position\":1,\"name\":\"Startseite\",\"item\":\"https:\/\/vipvip24.de\/\"},{\"@type\":\"ListItem\",\"position\":2,\"name\":\"m_Liste\"}]},{\"@type\":\"WebSite\",\"@id\":\"https:\/\/vipvip24.de\/#website\",\"url\":\"https:\/\/vipvip24.de\/\",\"name\":\"VIPVIP24\",\"description\":\"Kundenbindung und Empfehlungsmanagement\",\"publisher\":{\"@id\":\"https:\/\/vipvip24.de\/#organization\"},\"potentialAction\":[{\"@type\":\"SearchAction\",\"target\":{\"@type\":\"EntryPoint\",\"urlTemplate\":\"https:\/\/vipvip24.de\/?s={search_term_string}\"},\"query-input\":{\"@type\":\"PropertyValueSpecification\",\"valueRequired\":true,\"valueName\":\"search_term_string\"}}],\"inLanguage\":\"ru-RU\"},{\"@type\":\"Organization\",\"@id\":\"https:\/\/vipvip24.de\/#organization\",\"name\":\"VIPVIP24\",\"url\":\"https:\/\/vipvip24.de\/\",\"logo\":{\"@type\":\"ImageObject\",\"inLanguage\":\"ru-RU\",\"@id\":\"https:\/\/vipvip24.de\/#\/schema\/logo\/image\/\",\"url\":\"https:\/\/vipvip24.de\/wp-content\/uploads\/sites\/6\/2021\/08\/hero-logo.png\",\"contentUrl\":\"https:\/\/vipvip24.de\/wp-content\/uploads\/sites\/6\/2021\/08\/hero-logo.png\",\"width\":90,\"height\":90,\"caption\":\"VIPVIP24\"},\"image\":{\"@id\":\"https:\/\/vipvip24.de\/#\/schema\/logo\/image\/\"}}]}<\/script>\n<!-- \/ Yoast SEO Premium plugin. -->","yoast_head_json":{"title":"m_List - VIPVIP24","robots":{"index":"index","follow":"follow","max-snippet":"max-snippet:-1","max-image-preview":"max-image-preview:large","max-video-preview":"max-video-preview:-1"},"canonical":"https:\/\/vipvip24.de\/ru\/m_list\/","og_locale":"ru_RU","og_type":"article","og_title":"m_Liste","og_description":"Suarez Beauty Alles f\u00fcr die Sch\u00f6nheit Make-Up, Pedik\u00fcre, Manik\u00fcre _ID: 2 \u00d6ffnen&#8230; SRK-Consulting Das ist meine Beschreibung der Leistungen consulting, beratung, KI _ID: 1 \u00d6ffnen&#8230;","og_url":"https:\/\/vipvip24.de\/ru\/m_list\/","og_site_name":"VIPVIP24","article_modified_time":"2024-02-20T23:02:24+00:00","og_image":[{"url":"https:\/\/konto.vipvip24.de\/wp-content\/uploads\/sites\/10\/jet-engine-forms\/11\/2024\/02\/KI-Robot-1_800x448.jpg","type":"","width":"","height":""}],"twitter_card":"summary_large_image","schema":{"@context":"https:\/\/schema.org","@graph":[{"@type":"WebPage","@id":"https:\/\/vipvip24.de\/ru\/m_list\/","url":"https:\/\/vipvip24.de\/ru\/m_list\/","name":"m_List - VIPVIP24","isPartOf":{"@id":"https:\/\/vipvip24.de\/#website"},"primaryImageOfPage":{"@id":"https:\/\/vipvip24.de\/ru\/m_list\/#primaryimage"},"image":{"@id":"https:\/\/vipvip24.de\/ru\/m_list\/#primaryimage"},"thumbnailUrl":"https:\/\/konto.vipvip24.de\/wp-content\/uploads\/sites\/10\/jet-engine-forms\/11\/2024\/02\/KI-Robot-1_800x448.jpg","datePublished":"2024-02-20T13:39:27+00:00","dateModified":"2024-02-20T23:02:24+00:00","breadcrumb":{"@id":"https:\/\/vipvip24.de\/ru\/m_list\/#breadcrumb"},"inLanguage":"ru-RU","potentialAction":[{"@type":"ReadAction","target":["https:\/\/vipvip24.de\/ru\/m_list\/"]}]},{"@type":"ImageObject","inLanguage":"ru-RU","@id":"https:\/\/vipvip24.de\/ru\/m_list\/#primaryimage","url":"https:\/\/konto.vipvip24.de\/wp-content\/uploads\/sites\/10\/jet-engine-forms\/11\/2024\/02\/KI-Robot-1_800x448.jpg","contentUrl":"https:\/\/konto.vipvip24.de\/wp-content\/uploads\/sites\/10\/jet-engine-forms\/11\/2024\/02\/KI-Robot-1_800x448.jpg"},{"@type":"BreadcrumbList","@id":"https:\/\/vipvip24.de\/ru\/m_list\/#breadcrumb","itemListElement":[{"@type":"ListItem","position":1,"name":"Startseite","item":"https:\/\/vipvip24.de\/"},{"@type":"ListItem","position":2,"name":"m_Liste"}]},{"@type":"WebSite","@id":"https:\/\/vipvip24.de\/#website","url":"https:\/\/vipvip24.de\/","name":"VIPVIP24","description":"\u041b\u043e\u044f\u043b\u044c\u043d\u043e\u0441\u0442\u044c \u043a\u043b\u0438\u0435\u043d\u0442\u043e\u0432 \u0438 \u0443\u043f\u0440\u0430\u0432\u043b\u0435\u043d\u0438\u0435 \u0440\u0435\u043a\u043e\u043c\u0435\u043d\u0434\u0430\u0446\u0438\u044f\u043c\u0438","publisher":{"@id":"https:\/\/vipvip24.de\/#organization"},"potentialAction":[{"@type":"SearchAction","target":{"@type":"EntryPoint","urlTemplate":"https:\/\/vipvip24.de\/?s={search_term_string}"},"query-input":{"@type":"PropertyValueSpecification","valueRequired":true,"valueName":"search_term_string"}}],"inLanguage":"ru-RU"},{"@type":"Organization","@id":"https:\/\/vipvip24.de\/#organization","name":"VIPVIP24","url":"https:\/\/vipvip24.de\/","logo":{"@type":"ImageObject","inLanguage":"ru-RU","@id":"https:\/\/vipvip24.de\/#\/schema\/logo\/image\/","url":"https:\/\/vipvip24.de\/wp-content\/uploads\/sites\/6\/2021\/08\/hero-logo.png","contentUrl":"https:\/\/vipvip24.de\/wp-content\/uploads\/sites\/6\/2021\/08\/hero-logo.png","width":90,"height":90,"caption":"VIPVIP24"},"image":{"@id":"https:\/\/vipvip24.de\/#\/schema\/logo\/image\/"}}]}},"_links":{"self":[{"href":"https:\/\/vipvip24.de\/ru\/wp-json\/wp\/v2\/pages\/883","targetHints":{"allow":["GET"]}}],"collection":[{"href":"https:\/\/vipvip24.de\/ru\/wp-json\/wp\/v2\/pages"}],"about":[{"href":"https:\/\/vipvip24.de\/ru\/wp-json\/wp\/v2\/types\/page"}],"author":[{"embeddable":true,"href":"https:\/\/vipvip24.de\/ru\/wp-json\/wp\/v2\/users\/1"}],"replies":[{"embeddable":true,"href":"https:\/\/vipvip24.de\/ru\/wp-json\/wp\/v2\/comments?post=883"}],"version-history":[{"count":10,"href":"https:\/\/vipvip24.de\/ru\/wp-json\/wp\/v2\/pages\/883\/revisions"}],"predecessor-version":[{"id":961,"href":"https:\/\/vipvip24.de\/ru\/wp-json\/wp\/v2\/pages\/883\/revisions\/961"}],"wp:attachment":[{"href":"https:\/\/vipvip24.de\/ru\/wp-json\/wp\/v2\/media?parent=883"}],"curies":[{"name":"wp","href":"https:\/\/api.w.org\/{rel}","templated":true}]}}